{"id":80,"date":"2019-06-05T10:04:25","date_gmt":"2019-06-05T10:04:25","guid":{"rendered":"https:\/\/wplms.io\/demos\/demo17\/?page_id=424"},"modified":"2022-06-27T14:42:56","modified_gmt":"2022-06-27T12:42:56","slug":"home","status":"publish","type":"page","link":"https:\/\/lms.nanoproject.eu\/lms\/cs\/","title":{"rendered":"Home"},"content":{"rendered":"\t\t<div data-elementor-type=\"wp-post\" data-elementor-id=\"80\" class=\"elementor elementor-80\">\n\t\t\t\t\t\t<div class=\"elementor-inner\">\n\t\t\t\t<div class=\"elementor-section-wrap\">\n\t\t\t\t\t\t\t\t\t<section class=\"elementor-section elementor-top-section elementor-element elementor-element-e36f06f elementor-section-stretched elementor-section-height-min-height elementor-section-boxed elementor-section-height-default elementor-section-items-middle\" data-id=\"e36f06f\" data-element_type=\"section\" data-settings=\"{&quot;stretch_section&quot;:&quot;section-stretched&quot;,&quot;background_background&quot;:&quot;classic&quot;}\">\n\t\t\t\t\t\t\t<div class=\"elementor-background-overlay\"><\/div>\n\t\t\t\t\t\t\t<div class=\"elementor-container elementor-column-gap-default\">\n\t\t\t\t\t\t\t<div class=\"elementor-row\">\n\t\t\t\t\t<div class=\"elementor-column elementor-col-100 elementor-top-column elementor-element elementor-element-f2f7833\" data-id=\"f2f7833\" data-element_type=\"column\">\n\t\t\t<div class=\"elementor-column-wrap elementor-element-populated\">\n\t\t\t\t\t\t\t<div class=\"elementor-widget-wrap\">\n\t\t\t\t\t\t<section class=\"elementor-section elementor-inner-section elementor-element elementor-element-5b7c719 elementor-section-boxed elementor-section-height-default elementor-section-height-default\" data-id=\"5b7c719\" data-element_type=\"section\">\n\t\t\t\t\t\t<div class=\"elementor-container elementor-column-gap-default\">\n\t\t\t\t\t\t\t<div class=\"elementor-row\">\n\t\t\t\t\t<div class=\"elementor-column elementor-col-50 elementor-inner-column elementor-element elementor-element-7b8cca3\" data-id=\"7b8cca3\" data-element_type=\"column\">\n\t\t\t<div class=\"elementor-column-wrap\">\n\t\t\t\t\t\t\t<div class=\"elementor-widget-wrap\">\n\t\t\t\t\t\t\t\t<\/div>\n\t\t\t\t\t<\/div>\n\t\t<\/div>\n\t\t\t\t<div class=\"elementor-column elementor-col-50 elementor-inner-column elementor-element elementor-element-15683ad\" data-id=\"15683ad\" data-element_type=\"column\">\n\t\t\t<div class=\"elementor-column-wrap elementor-element-populated\">\n\t\t\t\t\t\t\t<div class=\"elementor-widget-wrap\">\n\t\t\t\t\t\t<div class=\"elementor-element elementor-element-4f520e3 elementor-widget elementor-widget-heading\" data-id=\"4f520e3\" data-element_type=\"widget\" data-widget_type=\"heading.default\">\n\t\t\t\t<div class=\"elementor-widget-container\">\n\t\t\t<h2 class=\"elementor-heading-title elementor-size-default\">Nanotechnologie n\u00e1m pom\u00e1haj\u00ed ka\u017edy, jsou kolem n\u00e1s, jen je nevid\u00edme!\n<\/h2>\t\t<\/div>\n\t\t\t\t<\/div>\n\t\t\t\t<div class=\"elementor-element elementor-element-1558c0e elementor-widget elementor-widget-text-editor\" data-id=\"1558c0e\" data-element_type=\"widget\" data-widget_type=\"text-editor.default\">\n\t\t\t\t<div class=\"elementor-widget-container\">\n\t\t\t\t\t\t\t\t<div class=\"elementor-text-editor elementor-clearfix\">\n\t\t\t\t<p>Kdo v\u00ed, co znamen\u00e1 &#8222;NANO&#8220;&#8230;? Kde nanotechnolgie najdeme? Jak n\u00e1m zlep\u0161uj\u00ed \u017eivot? Jak n\u00e1m usnad\u0148uj\u00ed \u017eivot?<\/p>\t\t\t\t\t<\/div>\n\t\t\t\t\t\t<\/div>\n\t\t\t\t<\/div>\n\t\t\t\t<div class=\"elementor-element elementor-element-f43d055 elementor-button-info elementor-widget elementor-widget-button\" data-id=\"f43d055\" data-element_type=\"widget\" data-widget_type=\"button.default\">\n\t\t\t\t<div class=\"elementor-widget-container\">\n\t\t\t\t\t<div class=\"elementor-button-wrapper\">\n\t\t\t<a href=\"https:\/\/lms.nanoproject.eu\/lms\/cs\/vsechny-kurzy\/\" class=\"elementor-button-link elementor-button elementor-size-sm\" role=\"button\">\n\t\t\t\t\t\t<span class=\"elementor-button-content-wrapper\">\n\t\t\t\t\t\t<span class=\"elementor-button-text\">V\u0161echny kurzy<\/span>\n\t\t<\/span>\n\t\t\t\t\t<\/a>\n\t\t<\/div>\n\t\t\t\t<\/div>\n\t\t\t\t<\/div>\n\t\t\t\t\t\t<\/div>\n\t\t\t\t\t<\/div>\n\t\t<\/div>\n\t\t\t\t\t\t\t\t<\/div>\n\t\t\t\t\t<\/div>\n\t\t<\/section>\n\t\t\t\t\t\t<\/div>\n\t\t\t\t\t<\/div>\n\t\t<\/div>\n\t\t\t\t\t\t\t\t<\/div>\n\t\t\t\t\t<\/div>\n\t\t<\/section>\n\t\t\t\t<section class=\"elementor-section elementor-top-section elementor-element elementor-element-74b6703 elementor-section-boxed elementor-section-height-default elementor-section-height-default\" data-id=\"74b6703\" data-element_type=\"section\">\n\t\t\t\t\t\t<div class=\"elementor-container elementor-column-gap-default\">\n\t\t\t\t\t\t\t<div class=\"elementor-row\">\n\t\t\t\t\t<div class=\"elementor-column elementor-col-25 elementor-top-column elementor-element elementor-element-fca67f8\" data-id=\"fca67f8\" data-element_type=\"column\">\n\t\t\t<div class=\"elementor-column-wrap elementor-element-populated\">\n\t\t\t\t\t\t\t<div class=\"elementor-widget-wrap\">\n\t\t\t\t\t\t<div class=\"elementor-element elementor-element-7987e1f elementor-vertical-align-middle homeblock elementor-position-top elementor-widget elementor-widget-image-box\" data-id=\"7987e1f\" data-element_type=\"widget\" data-widget_type=\"image-box.default\">\n\t\t\t\t<div class=\"elementor-widget-container\">\n\t\t\t<div class=\"elementor-image-box-wrapper\"><figure class=\"elementor-image-box-img\"><img decoding=\"async\" src=\"http:\/\/demos.wplms.io\/demos\/demo17\/wp-content\/uploads\/2019\/12\/IT-metaphor-illustrations-by-vige.co-39-e1576290112784.png\" title=\"\" alt=\"\" loading=\"lazy\" \/><\/figure><div class=\"elementor-image-box-content\"><h3 class=\"elementor-image-box-title\">Nano je  cool!\u200b<\/h3><p class=\"elementor-image-box-description\">Co je v\u00edc cool ne\u017e technologie, kter\u00e1 n\u00e1m zlep\u0161uje \u017eivot, prost\u0159ed\u00ed okolo n\u00e1s atd....\u200b<\/p><\/div><\/div>\t\t<\/div>\n\t\t\t\t<\/div>\n\t\t\t\t\t\t<\/div>\n\t\t\t\t\t<\/div>\n\t\t<\/div>\n\t\t\t\t<div class=\"elementor-column elementor-col-25 elementor-top-column elementor-element elementor-element-bb7c28f\" data-id=\"bb7c28f\" data-element_type=\"column\">\n\t\t\t<div class=\"elementor-column-wrap elementor-element-populated\">\n\t\t\t\t\t\t\t<div class=\"elementor-widget-wrap\">\n\t\t\t\t\t\t<div class=\"elementor-element elementor-element-7eca5ef elementor-vertical-align-middle homeblock elementor-position-top elementor-widget elementor-widget-image-box\" data-id=\"7eca5ef\" data-element_type=\"widget\" data-widget_type=\"image-box.default\">\n\t\t\t\t<div class=\"elementor-widget-container\">\n\t\t\t<div class=\"elementor-image-box-wrapper\"><figure class=\"elementor-image-box-img\"><img decoding=\"async\" src=\"http:\/\/demos.wplms.io\/demos\/demo17\/wp-content\/uploads\/2019\/12\/IT-metaphor-illustrations-by-vige.co-29-e1576290110218.png\" title=\"\" alt=\"\" loading=\"lazy\" \/><\/figure><div class=\"elementor-image-box-content\"><h3 class=\"elementor-image-box-title\">Nano je budoucnost!\u200b<\/h3><p class=\"elementor-image-box-description\">Pro\u010d je nano budoucnost? Je t\u0159eba proj\u00edt kurzy a pochop\u00edte!\u200b\n<\/p><\/div><\/div>\t\t<\/div>\n\t\t\t\t<\/div>\n\t\t\t\t\t\t<\/div>\n\t\t\t\t\t<\/div>\n\t\t<\/div>\n\t\t\t\t<div class=\"elementor-column elementor-col-25 elementor-top-column elementor-element elementor-element-9b0b4db\" data-id=\"9b0b4db\" data-element_type=\"column\">\n\t\t\t<div class=\"elementor-column-wrap elementor-element-populated\">\n\t\t\t\t\t\t\t<div class=\"elementor-widget-wrap\">\n\t\t\t\t\t\t<div class=\"elementor-element elementor-element-1cb083e elementor-vertical-align-middle homeblock elementor-position-top elementor-widget elementor-widget-image-box\" data-id=\"1cb083e\" data-element_type=\"widget\" data-widget_type=\"image-box.default\">\n\t\t\t\t<div class=\"elementor-widget-container\">\n\t\t\t<div class=\"elementor-image-box-wrapper\"><figure class=\"elementor-image-box-img\"><img decoding=\"async\" src=\"http:\/\/demos.wplms.io\/demos\/demo17\/wp-content\/uploads\/2019\/12\/IT-metaphor-illustrations-by-vige.co-26-e1576290069266.png\" title=\"\" alt=\"\" loading=\"lazy\" \/><\/figure><div class=\"elementor-image-box-content\"><h3 class=\"elementor-image-box-title\">Nano je s n\u00e1mi dlouho!\u200b<\/h3><p class=\"elementor-image-box-description\">Nano je sou\u010d\u00e1st\u00ed na\u0161ich \u017eivot\u016f d\u00e9le, ne\u017e mysl\u00edte.\u200b\n<\/p><\/div><\/div>\t\t<\/div>\n\t\t\t\t<\/div>\n\t\t\t\t\t\t<\/div>\n\t\t\t\t\t<\/div>\n\t\t<\/div>\n\t\t\t\t<div class=\"elementor-column elementor-col-25 elementor-top-column elementor-element elementor-element-f47919a\" data-id=\"f47919a\" data-element_type=\"column\">\n\t\t\t<div class=\"elementor-column-wrap elementor-element-populated\">\n\t\t\t\t\t\t\t<div class=\"elementor-widget-wrap\">\n\t\t\t\t\t\t<div class=\"elementor-element elementor-element-8047c6a elementor-vertical-align-middle homeblock elementor-position-top elementor-widget elementor-widget-image-box\" data-id=\"8047c6a\" data-element_type=\"widget\" data-widget_type=\"image-box.default\">\n\t\t\t\t<div class=\"elementor-widget-container\">\n\t\t\t<div class=\"elementor-image-box-wrapper\"><figure class=\"elementor-image-box-img\"><img decoding=\"async\" src=\"http:\/\/demos.wplms.io\/demos\/demo17\/wp-content\/uploads\/2019\/12\/IT-metaphor-illustrations-by-vige.co-47-e1576289491771.png\" title=\"\" alt=\"\" loading=\"lazy\" \/><\/figure><div class=\"elementor-image-box-content\"><h3 class=\"elementor-image-box-title\">Nano je bezpe\u010dn\u00e9!\u200b<\/h3><p class=\"elementor-image-box-description\">Nev\u011b\u0159te v\u0161emu co se nap\u00ed\u0161e, NANO nen\u00ed jen cool, je bezpe\u010dn\u00e9!\u200b\n<\/p><\/div><\/div>\t\t<\/div>\n\t\t\t\t<\/div>\n\t\t\t\t\t\t<\/div>\n\t\t\t\t\t<\/div>\n\t\t<\/div>\n\t\t\t\t\t\t\t\t<\/div>\n\t\t\t\t\t<\/div>\n\t\t<\/section>\n\t\t\t\t<section class=\"elementor-section elementor-top-section elementor-element elementor-element-69a0adb elementor-section-stretched elementor-section-boxed elementor-section-height-default elementor-section-height-default\" data-id=\"69a0adb\" data-element_type=\"section\" data-settings=\"{&quot;stretch_section&quot;:&quot;section-stretched&quot;}\">\n\t\t\t\t\t\t<div class=\"elementor-container elementor-column-gap-default\">\n\t\t\t\t\t\t\t<div class=\"elementor-row\">\n\t\t\t\t\t<div class=\"elementor-column elementor-col-100 elementor-top-column elementor-element elementor-element-adc0b78\" data-id=\"adc0b78\" data-element_type=\"column\">\n\t\t\t<div class=\"elementor-column-wrap\">\n\t\t\t\t\t\t\t<div class=\"elementor-widget-wrap\">\n\t\t\t\t\t\t\t\t<\/div>\n\t\t\t\t\t<\/div>\n\t\t<\/div>\n\t\t\t\t\t\t\t\t<\/div>\n\t\t\t\t\t<\/div>\n\t\t<\/section>\n\t\t\t\t<section class=\"elementor-section elementor-top-section elementor-element elementor-element-3cddff0 elementor-section-boxed elementor-section-height-default elementor-section-height-default\" data-id=\"3cddff0\" data-element_type=\"section\">\n\t\t\t\t\t\t<div class=\"elementor-container elementor-column-gap-default\">\n\t\t\t\t\t\t\t<div class=\"elementor-row\">\n\t\t\t\t\t<div class=\"elementor-column elementor-col-33 elementor-top-column elementor-element elementor-element-4d4495a\" data-id=\"4d4495a\" data-element_type=\"column\">\n\t\t\t<div class=\"elementor-column-wrap elementor-element-populated\">\n\t\t\t\t\t\t\t<div class=\"elementor-widget-wrap\">\n\t\t\t\t\t\t<div class=\"elementor-element elementor-element-ef4cb21 elementor-widget elementor-widget-heading\" data-id=\"ef4cb21\" data-element_type=\"widget\" data-widget_type=\"heading.default\">\n\t\t\t\t<div class=\"elementor-widget-container\">\n\t\t\t<h2 class=\"elementor-heading-title elementor-size-default\">Kurzy, kter\u00e9 jinde nenajdete!\u200b\n<\/h2>\t\t<\/div>\n\t\t\t\t<\/div>\n\t\t\t\t<div class=\"elementor-element elementor-element-4d3a1c1 elementor-widget elementor-widget-text-editor\" data-id=\"4d3a1c1\" data-element_type=\"widget\" data-widget_type=\"text-editor.default\">\n\t\t\t\t<div class=\"elementor-widget-container\">\n\t\t\t\t\t\t\t\t<div class=\"elementor-text-editor elementor-clearfix\">\n\t\t\t\t<p>Nanotechnologie jsou v\u0161ude kolem n\u00e1s, jen o nich nev\u00edme, nevid\u00edme je! Celou \u0159adu n\u00e1m zlep\u0161uj\u00ed \u017eivot a je na \u010dase se o nich dozv\u011bd\u011bt v\u00edce!<\/p>\t\t\t\t\t<\/div>\n\t\t\t\t\t\t<\/div>\n\t\t\t\t<\/div>\n\t\t\t\t<div class=\"elementor-element elementor-element-b9462a3 elementor-button-info elementor-widget elementor-widget-button\" data-id=\"b9462a3\" data-element_type=\"widget\" data-widget_type=\"button.default\">\n\t\t\t\t<div class=\"elementor-widget-container\">\n\t\t\t\t\t<div class=\"elementor-button-wrapper\">\n\t\t\t<a href=\"https:\/\/lms.nanoproject.eu\/lms\/cs\/vsechny-kurzy\/\" class=\"elementor-button-link elementor-button elementor-size-sm\" role=\"button\">\n\t\t\t\t\t\t<span class=\"elementor-button-content-wrapper\">\n\t\t\t\t\t\t<span class=\"elementor-button-text\">V\u0161echny kurzy<\/span>\n\t\t<\/span>\n\t\t\t\t\t<\/a>\n\t\t<\/div>\n\t\t\t\t<\/div>\n\t\t\t\t<\/div>\n\t\t\t\t\t\t<\/div>\n\t\t\t\t\t<\/div>\n\t\t<\/div>\n\t\t\t\t<div class=\"elementor-column elementor-col-66 elementor-top-column elementor-element elementor-element-f3ff1a9\" data-id=\"f3ff1a9\" data-element_type=\"column\">\n\t\t\t<div class=\"elementor-column-wrap elementor-element-populated\">\n\t\t\t\t\t\t\t<div class=\"elementor-widget-wrap\">\n\t\t\t\t\t\t<div class=\"elementor-element elementor-element-d8087c2 elementor-widget elementor-widget-filterable_post\" data-id=\"d8087c2\" data-element_type=\"widget\" data-widget_type=\"filterable_post.default\">\n\t\t\t\t<div class=\"elementor-widget-container\">\n\t\t\t<div  class=\"v_module custom_post_filterable \" ><div class=\"filterable_columns\">\r\n            <ul class=\"vibe_filterable\"><\/ul><div class=\"filterableitems_container\"><div class=\"filteritem \" style=\"max-width:220px;width:100%;\"><div class=\"block generic\"><div class=\"block_media\"><a href=\"https:\/\/lms.nanoproject.eu\/lms\/cs\/course\/nano-v-energetice\/\"><img loading=\"lazy\" decoding=\"async\" width=\"310\" height=\"207\" src=\"https:\/\/lms.nanoproject.eu\/lms\/wp-content\/uploads\/2022\/01\/03_Energy-min-310x207.jpg\" class=\"attachment-small size-small wp-post-image\" alt=\"\" srcset=\"https:\/\/lms.nanoproject.eu\/lms\/wp-content\/uploads\/2022\/01\/03_Energy-min-310x207.jpg 310w, https:\/\/lms.nanoproject.eu\/lms\/wp-content\/uploads\/2022\/01\/03_Energy-min-460x307.jpg 460w, https:\/\/lms.nanoproject.eu\/lms\/wp-content\/uploads\/2022\/01\/03_Energy-min-1024x682.jpg 1024w, https:\/\/lms.nanoproject.eu\/lms\/wp-content\/uploads\/2022\/01\/03_Energy-min-768x512.jpg 768w, https:\/\/lms.nanoproject.eu\/lms\/wp-content\/uploads\/2022\/01\/03_Energy-min-1536x1024.jpg 1536w, https:\/\/lms.nanoproject.eu\/lms\/wp-content\/uploads\/2022\/01\/03_Energy-min-2048x1365.jpg 2048w, https:\/\/lms.nanoproject.eu\/lms\/wp-content\/uploads\/2022\/01\/03_Energy-min-600x400.jpg 600w, https:\/\/lms.nanoproject.eu\/lms\/wp-content\/uploads\/2022\/01\/03_Energy-min-120x80.jpg 120w\" sizes=\"auto, (max-width: 310px) 100vw, 310px\" \/><\/a><\/div><div class=\"block_content\"><h4 class=\"block_title\"><a href=\"https:\/\/lms.nanoproject.eu\/lms\/cs\/course\/nano-v-energetice\/\" title=\"Nano v energetice\">Nano v energetice<\/a><\/h4><div class=\"generic_category\"><\/div><\/div><\/div><\/div><div class=\"filteritem \" style=\"max-width:220px;width:100%;\"><div class=\"block generic\"><div class=\"block_media\"><a href=\"https:\/\/lms.nanoproject.eu\/lms\/cs\/course\/nano-v-elektronice\/\"><img loading=\"lazy\" decoding=\"async\" width=\"310\" height=\"206\" src=\"https:\/\/lms.nanoproject.eu\/lms\/wp-content\/uploads\/2022\/01\/02_Elektronic-min2-310x206.jpg\" class=\"attachment-small size-small wp-post-image\" alt=\"\" srcset=\"https:\/\/lms.nanoproject.eu\/lms\/wp-content\/uploads\/2022\/01\/02_Elektronic-min2-310x206.jpg 310w, https:\/\/lms.nanoproject.eu\/lms\/wp-content\/uploads\/2022\/01\/02_Elektronic-min2-460x305.jpg 460w, https:\/\/lms.nanoproject.eu\/lms\/wp-content\/uploads\/2022\/01\/02_Elektronic-min2-1024x679.jpg 1024w, https:\/\/lms.nanoproject.eu\/lms\/wp-content\/uploads\/2022\/01\/02_Elektronic-min2-768x509.jpg 768w, https:\/\/lms.nanoproject.eu\/lms\/wp-content\/uploads\/2022\/01\/02_Elektronic-min2-600x398.jpg 600w, https:\/\/lms.nanoproject.eu\/lms\/wp-content\/uploads\/2022\/01\/02_Elektronic-min2-120x80.jpg 120w, https:\/\/lms.nanoproject.eu\/lms\/wp-content\/uploads\/2022\/01\/02_Elektronic-min2.jpg 1258w\" sizes=\"auto, (max-width: 310px) 100vw, 310px\" \/><\/a><\/div><div class=\"block_content\"><h4 class=\"block_title\"><a href=\"https:\/\/lms.nanoproject.eu\/lms\/cs\/course\/nano-v-elektronice\/\" title=\"Nano v elektronice\">Nano v elektronice<\/a><\/h4><div class=\"generic_category\"><\/div><\/div><\/div><\/div><div class=\"filteritem \" style=\"max-width:220px;width:100%;\"><div class=\"block generic\"><div class=\"block_media\"><a href=\"https:\/\/lms.nanoproject.eu\/lms\/cs\/course\/nano-a-cirkularni-ekonomika\/\"><img loading=\"lazy\" decoding=\"async\" width=\"310\" height=\"206\" src=\"https:\/\/lms.nanoproject.eu\/lms\/wp-content\/uploads\/2022\/01\/05_Circular-min2-310x206.jpg\" class=\"attachment-small size-small wp-post-image\" alt=\"\" srcset=\"https:\/\/lms.nanoproject.eu\/lms\/wp-content\/uploads\/2022\/01\/05_Circular-min2-310x206.jpg 310w, https:\/\/lms.nanoproject.eu\/lms\/wp-content\/uploads\/2022\/01\/05_Circular-min2-460x306.jpg 460w, https:\/\/lms.nanoproject.eu\/lms\/wp-content\/uploads\/2022\/01\/05_Circular-min2-1024x681.jpg 1024w, https:\/\/lms.nanoproject.eu\/lms\/wp-content\/uploads\/2022\/01\/05_Circular-min2-768x511.jpg 768w, https:\/\/lms.nanoproject.eu\/lms\/wp-content\/uploads\/2022\/01\/05_Circular-min2-600x399.jpg 600w, https:\/\/lms.nanoproject.eu\/lms\/wp-content\/uploads\/2022\/01\/05_Circular-min2-120x80.jpg 120w, https:\/\/lms.nanoproject.eu\/lms\/wp-content\/uploads\/2022\/01\/05_Circular-min2.jpg 1249w\" sizes=\"auto, (max-width: 310px) 100vw, 310px\" \/><\/a><\/div><div class=\"block_content\"><h4 class=\"block_title\"><a href=\"https:\/\/lms.nanoproject.eu\/lms\/cs\/course\/nano-a-cirkularni-ekonomika\/\" title=\"Nano a cirkul\u00e1rn\u00ed ekonomika\">Nano a cirkul\u00e1rn\u00ed ekonomika<\/a><\/h4><div class=\"generic_category\"><\/div><\/div><\/div><\/div><div class=\"filteritem \" style=\"max-width:220px;width:100%;\"><div class=\"block generic\"><div class=\"block_media\"><a href=\"https:\/\/lms.nanoproject.eu\/lms\/cs\/course\/nano-a-bezpecnost-2\/\"><img loading=\"lazy\" decoding=\"async\" width=\"310\" height=\"222\" src=\"https:\/\/lms.nanoproject.eu\/lms\/wp-content\/uploads\/2021\/12\/05_Safety-min2-310x222.jpg\" class=\"attachment-small size-small wp-post-image\" alt=\"\" srcset=\"https:\/\/lms.nanoproject.eu\/lms\/wp-content\/uploads\/2021\/12\/05_Safety-min2-310x222.jpg 310w, https:\/\/lms.nanoproject.eu\/lms\/wp-content\/uploads\/2021\/12\/05_Safety-min2-460x329.jpg 460w, https:\/\/lms.nanoproject.eu\/lms\/wp-content\/uploads\/2021\/12\/05_Safety-min2-768x550.jpg 768w, https:\/\/lms.nanoproject.eu\/lms\/wp-content\/uploads\/2021\/12\/05_Safety-min2-600x430.jpg 600w, https:\/\/lms.nanoproject.eu\/lms\/wp-content\/uploads\/2021\/12\/05_Safety-min2-120x86.jpg 120w, https:\/\/lms.nanoproject.eu\/lms\/wp-content\/uploads\/2021\/12\/05_Safety-min2.jpg 965w\" sizes=\"auto, (max-width: 310px) 100vw, 310px\" \/><\/a><\/div><div class=\"block_content\"><h4 class=\"block_title\"><a href=\"https:\/\/lms.nanoproject.eu\/lms\/cs\/course\/nano-a-bezpecnost-2\/\" title=\"Nano a bezpe\u010dnost\">Nano a bezpe\u010dnost<\/a><\/h4><div class=\"generic_category\"><\/div><\/div><\/div><\/div><div class=\"filteritem \" style=\"max-width:220px;width:100%;\"><div class=\"block generic\"><div class=\"block_media\"><a href=\"https:\/\/lms.nanoproject.eu\/lms\/cs\/course\/co-jsou-nanotechnologie\/\"><img loading=\"lazy\" decoding=\"async\" width=\"310\" height=\"204\" src=\"https:\/\/lms.nanoproject.eu\/lms\/wp-content\/uploads\/2022\/01\/whatis-310x204.jpg\" class=\"attachment-small size-small wp-post-image\" alt=\"\" srcset=\"https:\/\/lms.nanoproject.eu\/lms\/wp-content\/uploads\/2022\/01\/whatis-310x204.jpg 310w, https:\/\/lms.nanoproject.eu\/lms\/wp-content\/uploads\/2022\/01\/whatis-460x303.jpg 460w, https:\/\/lms.nanoproject.eu\/lms\/wp-content\/uploads\/2022\/01\/whatis-1024x675.jpg 1024w, https:\/\/lms.nanoproject.eu\/lms\/wp-content\/uploads\/2022\/01\/whatis-768x506.jpg 768w, https:\/\/lms.nanoproject.eu\/lms\/wp-content\/uploads\/2022\/01\/whatis-600x395.jpg 600w, https:\/\/lms.nanoproject.eu\/lms\/wp-content\/uploads\/2022\/01\/whatis-120x79.jpg 120w, https:\/\/lms.nanoproject.eu\/lms\/wp-content\/uploads\/2022\/01\/whatis.jpg 1258w\" sizes=\"auto, (max-width: 310px) 100vw, 310px\" \/><\/a><\/div><div class=\"block_content\"><h4 class=\"block_title\"><a href=\"https:\/\/lms.nanoproject.eu\/lms\/cs\/course\/co-jsou-nanotechnologie\/\" title=\"Co jsou nanotechnologie?\">Co jsou nanotechnologie?<\/a><\/h4><div class=\"generic_category\"><\/div><\/div><\/div><\/div><div class=\"filteritem \" style=\"max-width:220px;width:100%;\"><div class=\"block generic\"><div class=\"block_media\"><a href=\"https:\/\/lms.nanoproject.eu\/lms\/cs\/course\/nano-v-beznem-zivote\/\"><img loading=\"lazy\" decoding=\"async\" width=\"310\" height=\"196\" src=\"https:\/\/lms.nanoproject.eu\/lms\/wp-content\/uploads\/2021\/12\/07_Everyday-life-min3-310x196.jpg\" class=\"attachment-small size-small wp-post-image\" alt=\"\" srcset=\"https:\/\/lms.nanoproject.eu\/lms\/wp-content\/uploads\/2021\/12\/07_Everyday-life-min3-310x196.jpg 310w, https:\/\/lms.nanoproject.eu\/lms\/wp-content\/uploads\/2021\/12\/07_Everyday-life-min3-460x291.jpg 460w, https:\/\/lms.nanoproject.eu\/lms\/wp-content\/uploads\/2021\/12\/07_Everyday-life-min3-768x485.jpg 768w, https:\/\/lms.nanoproject.eu\/lms\/wp-content\/uploads\/2021\/12\/07_Everyday-life-min3-600x379.jpg 600w, https:\/\/lms.nanoproject.eu\/lms\/wp-content\/uploads\/2021\/12\/07_Everyday-life-min3-120x76.jpg 120w, https:\/\/lms.nanoproject.eu\/lms\/wp-content\/uploads\/2021\/12\/07_Everyday-life-min3.jpg 910w\" sizes=\"auto, (max-width: 310px) 100vw, 310px\" \/><\/a><\/div><div class=\"block_content\"><h4 class=\"block_title\"><a href=\"https:\/\/lms.nanoproject.eu\/lms\/cs\/course\/nano-v-beznem-zivote\/\" title=\"Nano v b\u011b\u017en\u00e9m \u017eivot\u011b\">Nano v b\u011b\u017en\u00e9m \u017eivot\u011b<\/a><\/h4><div class=\"generic_category\"><\/div><\/div><\/div><\/div><\/div><\/div><\/div>\t\t<\/div>\n\t\t\t\t<\/div>\n\t\t\t\t\t\t<\/div>\n\t\t\t\t\t<\/div>\n\t\t<\/div>\n\t\t\t\t\t\t\t\t<\/div>\n\t\t\t\t\t<\/div>\n\t\t<\/section>\n\t\t\t\t<section class=\"elementor-section elementor-top-section elementor-element elementor-element-ce80762 elementor-section-stretched elementor-section-boxed elementor-section-height-default elementor-section-height-default\" data-id=\"ce80762\" data-element_type=\"section\" data-settings=\"{&quot;stretch_section&quot;:&quot;section-stretched&quot;}\">\n\t\t\t\t\t\t<div class=\"elementor-container elementor-column-gap-default\">\n\t\t\t\t\t\t\t<div class=\"elementor-row\">\n\t\t\t\t\t<div class=\"elementor-column elementor-col-100 elementor-top-column elementor-element elementor-element-17cd2ee\" data-id=\"17cd2ee\" data-element_type=\"column\">\n\t\t\t<div class=\"elementor-column-wrap\">\n\t\t\t\t\t\t\t<div class=\"elementor-widget-wrap\">\n\t\t\t\t\t\t\t\t<\/div>\n\t\t\t\t\t<\/div>\n\t\t<\/div>\n\t\t\t\t\t\t\t\t<\/div>\n\t\t\t\t\t<\/div>\n\t\t<\/section>\n\t\t\t\t<section class=\"elementor-section elementor-top-section elementor-element elementor-element-7212da2 elementor-section-stretched elementor-section-boxed elementor-section-height-default elementor-section-height-default\" data-id=\"7212da2\" data-element_type=\"section\" data-settings=\"{&quot;stretch_section&quot;:&quot;section-stretched&quot;}\">\n\t\t\t\t\t\t<div class=\"elementor-container elementor-column-gap-default\">\n\t\t\t\t\t\t\t<div class=\"elementor-row\">\n\t\t\t\t\t<div class=\"elementor-column elementor-col-100 elementor-top-column elementor-element elementor-element-cfe06bd\" data-id=\"cfe06bd\" data-element_type=\"column\">\n\t\t\t<div class=\"elementor-column-wrap\">\n\t\t\t\t\t\t\t<div class=\"elementor-widget-wrap\">\n\t\t\t\t\t\t\t\t<\/div>\n\t\t\t\t\t<\/div>\n\t\t<\/div>\n\t\t\t\t\t\t\t\t<\/div>\n\t\t\t\t\t<\/div>\n\t\t<\/section>\n\t\t\t\t\t\t\t\t\t<\/div>\n\t\t\t<\/div>\n\t\t\t\t\t<\/div>\n\t\t","protected":false},"excerpt":{"rendered":"<p>Nanotechnologie n\u00e1m pom\u00e1haj\u00ed ka\u017edy, jsou kolem n\u00e1s, jen je nevid\u00edme! Kdo v\u00ed, co znamen\u00e1 &#8222;NANO&#8220;&#8230;? Kde nanotechnolgie najdeme? Jak n\u00e1m &hellip;<\/p>\n","protected":false},"author":1,"featured_media":0,"parent":0,"menu_order":0,"comment_status":"closed","ping_status":"closed","template":"notitle.php","meta":{"_vibebp_attr":"","_vibebp_dimensions":"","_vibebp_responsive_height":"","_vibebp_accordion_ie_support":"","footnotes":""},"class_list":["post-80","page","type-page","status-publish","hentry"],"_links":{"self":[{"href":"https:\/\/lms.nanoproject.eu\/lms\/cs\/wp-json\/wp\/v2\/pages\/80","targetHints":{"allow":["GET"]}}],"collection":[{"href":"https:\/\/lms.nanoproject.eu\/lms\/cs\/wp-json\/wp\/v2\/pages"}],"about":[{"href":"https:\/\/lms.nanoproject.eu\/lms\/cs\/wp-json\/wp\/v2\/types\/page"}],"author":[{"embeddable":true,"href":"https:\/\/lms.nanoproject.eu\/lms\/cs\/wp-json\/wp\/v2\/users\/1"}],"replies":[{"embeddable":true,"href":"https:\/\/lms.nanoproject.eu\/lms\/cs\/wp-json\/wp\/v2\/comments?post=80"}],"version-history":[{"count":13,"href":"https:\/\/lms.nanoproject.eu\/lms\/cs\/wp-json\/wp\/v2\/pages\/80\/revisions"}],"predecessor-version":[{"id":2416,"href":"https:\/\/lms.nanoproject.eu\/lms\/cs\/wp-json\/wp\/v2\/pages\/80\/revisions\/2416"}],"wp:attachment":[{"href":"https:\/\/lms.nanoproject.eu\/lms\/cs\/wp-json\/wp\/v2\/media?parent=80"}],"curies":[{"name":"wp","href":"https:\/\/api.w.org\/{rel}","templated":true}]}}