{"id":671,"date":"2019-06-05T10:04:25","date_gmt":"2019-06-05T10:04:25","guid":{"rendered":"https:\/\/lms.nanoproject.eu\/lms\/home\/"},"modified":"2022-07-25T00:09:48","modified_gmt":"2022-07-24T22:09:48","slug":"home","status":"publish","type":"page","link":"https:\/\/lms.nanoproject.eu\/lms\/de\/","title":{"rendered":"Home"},"content":{"rendered":"\t\t<div data-elementor-type=\"wp-post\" data-elementor-id=\"671\" class=\"elementor elementor-671 elementor-80\">\n\t\t\t\t\t\t<div class=\"elementor-inner\">\n\t\t\t\t<div class=\"elementor-section-wrap\">\n\t\t\t\t\t\t\t\t\t<section class=\"elementor-section elementor-top-section elementor-element elementor-element-e36f06f elementor-section-stretched elementor-section-height-min-height elementor-section-boxed elementor-section-height-default elementor-section-items-middle\" data-id=\"e36f06f\" data-element_type=\"section\" data-settings=\"{&quot;stretch_section&quot;:&quot;section-stretched&quot;,&quot;background_background&quot;:&quot;classic&quot;}\">\n\t\t\t\t\t\t\t<div class=\"elementor-background-overlay\"><\/div>\n\t\t\t\t\t\t\t<div class=\"elementor-container elementor-column-gap-default\">\n\t\t\t\t\t\t\t<div class=\"elementor-row\">\n\t\t\t\t\t<div class=\"elementor-column elementor-col-100 elementor-top-column elementor-element elementor-element-f2f7833\" data-id=\"f2f7833\" data-element_type=\"column\">\n\t\t\t<div class=\"elementor-column-wrap elementor-element-populated\">\n\t\t\t\t\t\t\t<div class=\"elementor-widget-wrap\">\n\t\t\t\t\t\t<section class=\"elementor-section elementor-inner-section elementor-element elementor-element-5b7c719 elementor-section-boxed elementor-section-height-default elementor-section-height-default\" data-id=\"5b7c719\" data-element_type=\"section\">\n\t\t\t\t\t\t<div class=\"elementor-container elementor-column-gap-default\">\n\t\t\t\t\t\t\t<div class=\"elementor-row\">\n\t\t\t\t\t<div class=\"elementor-column elementor-col-50 elementor-inner-column elementor-element elementor-element-7b8cca3\" data-id=\"7b8cca3\" data-element_type=\"column\">\n\t\t\t<div class=\"elementor-column-wrap\">\n\t\t\t\t\t\t\t<div class=\"elementor-widget-wrap\">\n\t\t\t\t\t\t\t\t<\/div>\n\t\t\t\t\t<\/div>\n\t\t<\/div>\n\t\t\t\t<div class=\"elementor-column elementor-col-50 elementor-inner-column elementor-element elementor-element-15683ad\" data-id=\"15683ad\" data-element_type=\"column\">\n\t\t\t<div class=\"elementor-column-wrap elementor-element-populated\">\n\t\t\t\t\t\t\t<div class=\"elementor-widget-wrap\">\n\t\t\t\t\t\t<div class=\"elementor-element elementor-element-4f520e3 elementor-widget elementor-widget-heading\" data-id=\"4f520e3\" data-element_type=\"widget\" data-widget_type=\"heading.default\">\n\t\t\t\t<div class=\"elementor-widget-container\">\n\t\t\t<h2 class=\"elementor-heading-title elementor-size-default\">Nanotechnologie ist \u00fcberall, lasst uns ihre Vorteile entdecken und mehr dar\u00fcber lernen! <\/h2>\t\t<\/div>\n\t\t\t\t<\/div>\n\t\t\t\t<div class=\"elementor-element elementor-element-1558c0e elementor-widget elementor-widget-text-editor\" data-id=\"1558c0e\" data-element_type=\"widget\" data-widget_type=\"text-editor.default\">\n\t\t\t\t<div class=\"elementor-widget-container\">\n\t\t\t\t\t\t\t\t<div class=\"elementor-text-editor elementor-clearfix\">\n\t\t\t\t<p>Wer wei\u00df, was &#8222;Nano&#8220; bedeutet? Wo k\u00f6nnen wir Nanotechnologie finden? Wie verbessert sie unser Leben? Wie macht sie unser Leben einfacher?<\/p>\t\t\t\t\t<\/div>\n\t\t\t\t\t\t<\/div>\n\t\t\t\t<\/div>\n\t\t\t\t<div class=\"elementor-element elementor-element-f43d055 elementor-button-info elementor-widget elementor-widget-button\" data-id=\"f43d055\" data-element_type=\"widget\" data-widget_type=\"button.default\">\n\t\t\t\t<div class=\"elementor-widget-container\">\n\t\t\t\t\t<div class=\"elementor-button-wrapper\">\n\t\t\t<a href=\"https:\/\/lms.nanoproject.eu\/lms\/de\/alle-kurse\/\" class=\"elementor-button-link elementor-button elementor-size-sm\" role=\"button\">\n\t\t\t\t\t\t<span class=\"elementor-button-content-wrapper\">\n\t\t\t\t\t\t<span class=\"elementor-button-text\">Alle Kurse<\/span>\n\t\t<\/span>\n\t\t\t\t\t<\/a>\n\t\t<\/div>\n\t\t\t\t<\/div>\n\t\t\t\t<\/div>\n\t\t\t\t\t\t<\/div>\n\t\t\t\t\t<\/div>\n\t\t<\/div>\n\t\t\t\t\t\t\t\t<\/div>\n\t\t\t\t\t<\/div>\n\t\t<\/section>\n\t\t\t\t\t\t<\/div>\n\t\t\t\t\t<\/div>\n\t\t<\/div>\n\t\t\t\t\t\t\t\t<\/div>\n\t\t\t\t\t<\/div>\n\t\t<\/section>\n\t\t\t\t<section class=\"elementor-section elementor-top-section elementor-element elementor-element-74b6703 elementor-section-boxed elementor-section-height-default elementor-section-height-default\" data-id=\"74b6703\" data-element_type=\"section\">\n\t\t\t\t\t\t<div class=\"elementor-container elementor-column-gap-default\">\n\t\t\t\t\t\t\t<div class=\"elementor-row\">\n\t\t\t\t\t<div class=\"elementor-column elementor-col-25 elementor-top-column elementor-element elementor-element-fca67f8\" data-id=\"fca67f8\" data-element_type=\"column\">\n\t\t\t<div class=\"elementor-column-wrap elementor-element-populated\">\n\t\t\t\t\t\t\t<div class=\"elementor-widget-wrap\">\n\t\t\t\t\t\t<div class=\"elementor-element elementor-element-7987e1f elementor-vertical-align-middle homeblock elementor-position-top elementor-widget elementor-widget-image-box\" data-id=\"7987e1f\" data-element_type=\"widget\" data-widget_type=\"image-box.default\">\n\t\t\t\t<div class=\"elementor-widget-container\">\n\t\t\t<div class=\"elementor-image-box-wrapper\"><figure class=\"elementor-image-box-img\"><img decoding=\"async\" src=\"http:\/\/demos.wplms.io\/demos\/demo17\/wp-content\/uploads\/2019\/12\/IT-metaphor-illustrations-by-vige.co-39-e1576290112784.png\" title=\"\" alt=\"\" loading=\"lazy\" \/><\/figure><div class=\"elementor-image-box-content\"><h3 class=\"elementor-image-box-title\">Nano ist cool!<\/h3><p class=\"elementor-image-box-description\">Was ist cooler als Technologie, die unser Leben und unsere Umwelt verbessert?<\/p><\/div><\/div>\t\t<\/div>\n\t\t\t\t<\/div>\n\t\t\t\t\t\t<\/div>\n\t\t\t\t\t<\/div>\n\t\t<\/div>\n\t\t\t\t<div class=\"elementor-column elementor-col-25 elementor-top-column elementor-element elementor-element-bb7c28f\" data-id=\"bb7c28f\" data-element_type=\"column\">\n\t\t\t<div class=\"elementor-column-wrap elementor-element-populated\">\n\t\t\t\t\t\t\t<div class=\"elementor-widget-wrap\">\n\t\t\t\t\t\t<div class=\"elementor-element elementor-element-7eca5ef elementor-vertical-align-middle homeblock elementor-position-top elementor-widget elementor-widget-image-box\" data-id=\"7eca5ef\" data-element_type=\"widget\" data-widget_type=\"image-box.default\">\n\t\t\t\t<div class=\"elementor-widget-container\">\n\t\t\t<div class=\"elementor-image-box-wrapper\"><figure class=\"elementor-image-box-img\"><img decoding=\"async\" src=\"http:\/\/demos.wplms.io\/demos\/demo17\/wp-content\/uploads\/2019\/12\/IT-metaphor-illustrations-by-vige.co-29-e1576290110218.png\" title=\"\" alt=\"\" loading=\"lazy\" \/><\/figure><div class=\"elementor-image-box-content\"><h3 class=\"elementor-image-box-title\">Nano ist die Zukunft!<\/h3><p class=\"elementor-image-box-description\">Besuche unsere Kurse und lerne mehr dar\u00fcber wie Nanotechnologien in Zukunft helfen k\u00f6nnen.<\/p><\/div><\/div>\t\t<\/div>\n\t\t\t\t<\/div>\n\t\t\t\t\t\t<\/div>\n\t\t\t\t\t<\/div>\n\t\t<\/div>\n\t\t\t\t<div class=\"elementor-column elementor-col-25 elementor-top-column elementor-element elementor-element-9b0b4db\" data-id=\"9b0b4db\" data-element_type=\"column\">\n\t\t\t<div class=\"elementor-column-wrap elementor-element-populated\">\n\t\t\t\t\t\t\t<div class=\"elementor-widget-wrap\">\n\t\t\t\t\t\t<div class=\"elementor-element elementor-element-1cb083e elementor-vertical-align-middle homeblock elementor-position-top elementor-widget elementor-widget-image-box\" data-id=\"1cb083e\" data-element_type=\"widget\" data-widget_type=\"image-box.default\">\n\t\t\t\t<div class=\"elementor-widget-container\">\n\t\t\t<div class=\"elementor-image-box-wrapper\"><figure class=\"elementor-image-box-img\"><img decoding=\"async\" src=\"http:\/\/demos.wplms.io\/demos\/demo17\/wp-content\/uploads\/2019\/12\/IT-metaphor-illustrations-by-vige.co-26-e1576290069266.png\" title=\"\" alt=\"\" loading=\"lazy\" \/><\/figure><div class=\"elementor-image-box-content\"><h3 class=\"elementor-image-box-title\">Nano ist schon sehr lange bei uns!<\/h3><p class=\"elementor-image-box-description\">Nano gibt es schon lange! Nano ist schon l\u00e4nger ein Teil unseres Lebens, als du vielleicht denkst.<\/p><\/div><\/div>\t\t<\/div>\n\t\t\t\t<\/div>\n\t\t\t\t\t\t<\/div>\n\t\t\t\t\t<\/div>\n\t\t<\/div>\n\t\t\t\t<div class=\"elementor-column elementor-col-25 elementor-top-column elementor-element elementor-element-f47919a\" data-id=\"f47919a\" data-element_type=\"column\">\n\t\t\t<div class=\"elementor-column-wrap elementor-element-populated\">\n\t\t\t\t\t\t\t<div class=\"elementor-widget-wrap\">\n\t\t\t\t\t\t<div class=\"elementor-element elementor-element-8047c6a elementor-vertical-align-middle homeblock elementor-position-top elementor-widget elementor-widget-image-box\" data-id=\"8047c6a\" data-element_type=\"widget\" data-widget_type=\"image-box.default\">\n\t\t\t\t<div class=\"elementor-widget-container\">\n\t\t\t<div class=\"elementor-image-box-wrapper\"><figure class=\"elementor-image-box-img\"><img decoding=\"async\" src=\"http:\/\/demos.wplms.io\/demos\/demo17\/wp-content\/uploads\/2019\/12\/IT-metaphor-illustrations-by-vige.co-47-e1576289491771.png\" title=\"\" alt=\"\" loading=\"lazy\" \/><\/figure><div class=\"elementor-image-box-content\"><h3 class=\"elementor-image-box-title\">Nano ist sicher!<\/h3><p class=\"elementor-image-box-description\">Glaubt nicht alles was geschrieben wird. Nano ist nicht nur cool, sondern auch sicher!<\/p><\/div><\/div>\t\t<\/div>\n\t\t\t\t<\/div>\n\t\t\t\t\t\t<\/div>\n\t\t\t\t\t<\/div>\n\t\t<\/div>\n\t\t\t\t\t\t\t\t<\/div>\n\t\t\t\t\t<\/div>\n\t\t<\/section>\n\t\t\t\t<section class=\"elementor-section elementor-top-section elementor-element elementor-element-69a0adb elementor-section-stretched elementor-section-boxed elementor-section-height-default elementor-section-height-default\" data-id=\"69a0adb\" data-element_type=\"section\" data-settings=\"{&quot;stretch_section&quot;:&quot;section-stretched&quot;}\">\n\t\t\t\t\t\t<div class=\"elementor-container elementor-column-gap-default\">\n\t\t\t\t\t\t\t<div class=\"elementor-row\">\n\t\t\t\t\t<div class=\"elementor-column elementor-col-100 elementor-top-column elementor-element elementor-element-adc0b78\" data-id=\"adc0b78\" data-element_type=\"column\">\n\t\t\t<div class=\"elementor-column-wrap\">\n\t\t\t\t\t\t\t<div class=\"elementor-widget-wrap\">\n\t\t\t\t\t\t\t\t<\/div>\n\t\t\t\t\t<\/div>\n\t\t<\/div>\n\t\t\t\t\t\t\t\t<\/div>\n\t\t\t\t\t<\/div>\n\t\t<\/section>\n\t\t\t\t<section class=\"elementor-section elementor-top-section elementor-element elementor-element-3cddff0 elementor-section-boxed elementor-section-height-default elementor-section-height-default\" data-id=\"3cddff0\" data-element_type=\"section\">\n\t\t\t\t\t\t<div class=\"elementor-container elementor-column-gap-default\">\n\t\t\t\t\t\t\t<div class=\"elementor-row\">\n\t\t\t\t\t<div class=\"elementor-column elementor-col-33 elementor-top-column elementor-element elementor-element-4d4495a\" data-id=\"4d4495a\" data-element_type=\"column\">\n\t\t\t<div class=\"elementor-column-wrap elementor-element-populated\">\n\t\t\t\t\t\t\t<div class=\"elementor-widget-wrap\">\n\t\t\t\t\t\t<div class=\"elementor-element elementor-element-ef4cb21 elementor-widget elementor-widget-heading\" data-id=\"ef4cb21\" data-element_type=\"widget\" data-widget_type=\"heading.default\">\n\t\t\t\t<div class=\"elementor-widget-container\">\n\t\t\t<h2 class=\"elementor-heading-title elementor-size-default\">Kurse, die du sonst nirgendwo findest!<\/h2>\t\t<\/div>\n\t\t\t\t<\/div>\n\t\t\t\t<div class=\"elementor-element elementor-element-4d3a1c1 elementor-widget elementor-widget-text-editor\" data-id=\"4d3a1c1\" data-element_type=\"widget\" data-widget_type=\"text-editor.default\">\n\t\t\t\t<div class=\"elementor-widget-container\">\n\t\t\t\t\t\t\t\t<div class=\"elementor-text-editor elementor-clearfix\">\n\t\t\t\t<p>Nanotechnologie ist \u00fcberall um uns herum! Oft wissen wir nichts davon, da wir Nanoteilchen mit dem blo\u00dfen Auge nicht sehen k\u00f6nnen! Sie k\u00f6nnen unser Leben verbessern und es ist an der Zeit, mehr \u00fcber sie zu erfahren!<\/p>\t\t\t\t\t<\/div>\n\t\t\t\t\t\t<\/div>\n\t\t\t\t<\/div>\n\t\t\t\t<div class=\"elementor-element elementor-element-b9462a3 elementor-button-info elementor-widget elementor-widget-button\" data-id=\"b9462a3\" data-element_type=\"widget\" data-widget_type=\"button.default\">\n\t\t\t\t<div class=\"elementor-widget-container\">\n\t\t\t\t\t<div class=\"elementor-button-wrapper\">\n\t\t\t<a href=\"https:\/\/lms.nanoproject.eu\/lms\/de\/alle-kurse\/\" class=\"elementor-button-link elementor-button elementor-size-sm\" role=\"button\">\n\t\t\t\t\t\t<span class=\"elementor-button-content-wrapper\">\n\t\t\t\t\t\t<span class=\"elementor-button-text\">Alle Kurse<\/span>\n\t\t<\/span>\n\t\t\t\t\t<\/a>\n\t\t<\/div>\n\t\t\t\t<\/div>\n\t\t\t\t<\/div>\n\t\t\t\t\t\t<\/div>\n\t\t\t\t\t<\/div>\n\t\t<\/div>\n\t\t\t\t<div class=\"elementor-column elementor-col-66 elementor-top-column elementor-element elementor-element-f3ff1a9\" data-id=\"f3ff1a9\" data-element_type=\"column\">\n\t\t\t<div class=\"elementor-column-wrap elementor-element-populated\">\n\t\t\t\t\t\t\t<div class=\"elementor-widget-wrap\">\n\t\t\t\t\t\t<div class=\"elementor-element elementor-element-d8087c2 elementor-widget elementor-widget-filterable_post\" data-id=\"d8087c2\" data-element_type=\"widget\" data-widget_type=\"filterable_post.default\">\n\t\t\t\t<div class=\"elementor-widget-container\">\n\t\t\t<div  class=\"v_module custom_post_filterable \" ><div class=\"filterable_columns\">\r\n            <ul class=\"vibe_filterable\"><\/ul><div class=\"filterableitems_container\"><div class=\"filteritem \" style=\"max-width:220px;width:100%;\"><div class=\"block generic\"><div class=\"block_media\"><a href=\"https:\/\/lms.nanoproject.eu\/lms\/de\/course\/nanotechnologie-im-energiesektor\/\"><img loading=\"lazy\" decoding=\"async\" width=\"310\" height=\"207\" src=\"https:\/\/lms.nanoproject.eu\/lms\/wp-content\/uploads\/2022\/01\/03_Energy-min-310x207.jpg\" class=\"attachment-small size-small wp-post-image\" alt=\"\" srcset=\"https:\/\/lms.nanoproject.eu\/lms\/wp-content\/uploads\/2022\/01\/03_Energy-min-310x207.jpg 310w, https:\/\/lms.nanoproject.eu\/lms\/wp-content\/uploads\/2022\/01\/03_Energy-min-460x307.jpg 460w, https:\/\/lms.nanoproject.eu\/lms\/wp-content\/uploads\/2022\/01\/03_Energy-min-1024x682.jpg 1024w, https:\/\/lms.nanoproject.eu\/lms\/wp-content\/uploads\/2022\/01\/03_Energy-min-768x512.jpg 768w, https:\/\/lms.nanoproject.eu\/lms\/wp-content\/uploads\/2022\/01\/03_Energy-min-1536x1024.jpg 1536w, https:\/\/lms.nanoproject.eu\/lms\/wp-content\/uploads\/2022\/01\/03_Energy-min-2048x1365.jpg 2048w, https:\/\/lms.nanoproject.eu\/lms\/wp-content\/uploads\/2022\/01\/03_Energy-min-600x400.jpg 600w, https:\/\/lms.nanoproject.eu\/lms\/wp-content\/uploads\/2022\/01\/03_Energy-min-120x80.jpg 120w\" sizes=\"auto, (max-width: 310px) 100vw, 310px\" \/><\/a><\/div><div class=\"block_content\"><h4 class=\"block_title\"><a href=\"https:\/\/lms.nanoproject.eu\/lms\/de\/course\/nanotechnologie-im-energiesektor\/\" title=\"Nanotechnologie im Energiesektor\">Nanotechnologie im Energiesektor<\/a><\/h4><div class=\"generic_category\"><\/div><\/div><\/div><\/div><div class=\"filteritem \" style=\"max-width:220px;width:100%;\"><div class=\"block generic\"><div class=\"block_media\"><a href=\"https:\/\/lms.nanoproject.eu\/lms\/de\/course\/nano-sicherheit\/\"><img loading=\"lazy\" decoding=\"async\" width=\"310\" height=\"222\" src=\"https:\/\/lms.nanoproject.eu\/lms\/wp-content\/uploads\/2021\/12\/05_Safety-min2-310x222.jpg\" class=\"attachment-small size-small wp-post-image\" alt=\"\" srcset=\"https:\/\/lms.nanoproject.eu\/lms\/wp-content\/uploads\/2021\/12\/05_Safety-min2-310x222.jpg 310w, https:\/\/lms.nanoproject.eu\/lms\/wp-content\/uploads\/2021\/12\/05_Safety-min2-460x329.jpg 460w, https:\/\/lms.nanoproject.eu\/lms\/wp-content\/uploads\/2021\/12\/05_Safety-min2-768x550.jpg 768w, https:\/\/lms.nanoproject.eu\/lms\/wp-content\/uploads\/2021\/12\/05_Safety-min2-600x430.jpg 600w, https:\/\/lms.nanoproject.eu\/lms\/wp-content\/uploads\/2021\/12\/05_Safety-min2-120x86.jpg 120w, https:\/\/lms.nanoproject.eu\/lms\/wp-content\/uploads\/2021\/12\/05_Safety-min2.jpg 965w\" sizes=\"auto, (max-width: 310px) 100vw, 310px\" \/><\/a><\/div><div class=\"block_content\"><h4 class=\"block_title\"><a href=\"https:\/\/lms.nanoproject.eu\/lms\/de\/course\/nano-sicherheit\/\" title=\"Nano Sicherheit\">Nano Sicherheit<\/a><\/h4><div class=\"generic_category\"><\/div><\/div><\/div><\/div><div class=\"filteritem \" style=\"max-width:220px;width:100%;\"><div class=\"block generic\"><div class=\"block_media\"><a href=\"https:\/\/lms.nanoproject.eu\/lms\/de\/course\/die-zukunft-der-nanotechnologie\/\"><img loading=\"lazy\" decoding=\"async\" width=\"310\" height=\"207\" src=\"https:\/\/lms.nanoproject.eu\/lms\/wp-content\/uploads\/2022\/01\/08_Future-min-310x207.jpg\" class=\"attachment-small size-small wp-post-image\" alt=\"\" srcset=\"https:\/\/lms.nanoproject.eu\/lms\/wp-content\/uploads\/2022\/01\/08_Future-min-310x207.jpg 310w, https:\/\/lms.nanoproject.eu\/lms\/wp-content\/uploads\/2022\/01\/08_Future-min-460x307.jpg 460w, https:\/\/lms.nanoproject.eu\/lms\/wp-content\/uploads\/2022\/01\/08_Future-min-1024x683.jpg 1024w, https:\/\/lms.nanoproject.eu\/lms\/wp-content\/uploads\/2022\/01\/08_Future-min-768x512.jpg 768w, https:\/\/lms.nanoproject.eu\/lms\/wp-content\/uploads\/2022\/01\/08_Future-min-600x400.jpg 600w, https:\/\/lms.nanoproject.eu\/lms\/wp-content\/uploads\/2022\/01\/08_Future-min-120x80.jpg 120w\" sizes=\"auto, (max-width: 310px) 100vw, 310px\" \/><\/a><\/div><div class=\"block_content\"><h4 class=\"block_title\"><a href=\"https:\/\/lms.nanoproject.eu\/lms\/de\/course\/die-zukunft-der-nanotechnologie\/\" title=\"Die Zukunft der Nanotechnologie\">Die Zukunft der Nanotechnologie<\/a><\/h4><div class=\"generic_category\"><\/div><\/div><\/div><\/div><div class=\"filteritem \" style=\"max-width:220px;width:100%;\"><div class=\"block generic\"><div class=\"block_media\"><a href=\"https:\/\/lms.nanoproject.eu\/lms\/de\/course\/nanotechnologie-in-elektronik\/\"><img loading=\"lazy\" decoding=\"async\" width=\"310\" height=\"206\" src=\"https:\/\/lms.nanoproject.eu\/lms\/wp-content\/uploads\/2022\/01\/02_Elektronic-min2-310x206.jpg\" class=\"attachment-small size-small wp-post-image\" alt=\"\" srcset=\"https:\/\/lms.nanoproject.eu\/lms\/wp-content\/uploads\/2022\/01\/02_Elektronic-min2-310x206.jpg 310w, https:\/\/lms.nanoproject.eu\/lms\/wp-content\/uploads\/2022\/01\/02_Elektronic-min2-460x305.jpg 460w, https:\/\/lms.nanoproject.eu\/lms\/wp-content\/uploads\/2022\/01\/02_Elektronic-min2-1024x679.jpg 1024w, https:\/\/lms.nanoproject.eu\/lms\/wp-content\/uploads\/2022\/01\/02_Elektronic-min2-768x509.jpg 768w, https:\/\/lms.nanoproject.eu\/lms\/wp-content\/uploads\/2022\/01\/02_Elektronic-min2-600x398.jpg 600w, https:\/\/lms.nanoproject.eu\/lms\/wp-content\/uploads\/2022\/01\/02_Elektronic-min2-120x80.jpg 120w, https:\/\/lms.nanoproject.eu\/lms\/wp-content\/uploads\/2022\/01\/02_Elektronic-min2.jpg 1258w\" sizes=\"auto, (max-width: 310px) 100vw, 310px\" \/><\/a><\/div><div class=\"block_content\"><h4 class=\"block_title\"><a href=\"https:\/\/lms.nanoproject.eu\/lms\/de\/course\/nanotechnologie-in-elektronik\/\" title=\"Nanotechnologie in Elektronik\">Nanotechnologie in Elektronik<\/a><\/h4><div class=\"generic_category\"><\/div><\/div><\/div><\/div><div class=\"filteritem \" style=\"max-width:220px;width:100%;\"><div class=\"block generic\"><div class=\"block_media\"><a href=\"https:\/\/lms.nanoproject.eu\/lms\/de\/course\/nanotechnologie-in-der-medizin\/\"><img loading=\"lazy\" decoding=\"async\" width=\"310\" height=\"208\" src=\"https:\/\/lms.nanoproject.eu\/lms\/wp-content\/uploads\/2021\/12\/06_Medicine-min2-310x208.jpg\" class=\"attachment-small size-small wp-post-image\" alt=\"\" srcset=\"https:\/\/lms.nanoproject.eu\/lms\/wp-content\/uploads\/2021\/12\/06_Medicine-min2-310x208.jpg 310w, https:\/\/lms.nanoproject.eu\/lms\/wp-content\/uploads\/2021\/12\/06_Medicine-min2-460x308.jpg 460w, https:\/\/lms.nanoproject.eu\/lms\/wp-content\/uploads\/2021\/12\/06_Medicine-min2-1024x686.jpg 1024w, https:\/\/lms.nanoproject.eu\/lms\/wp-content\/uploads\/2021\/12\/06_Medicine-min2-768x514.jpg 768w, https:\/\/lms.nanoproject.eu\/lms\/wp-content\/uploads\/2021\/12\/06_Medicine-min2-600x402.jpg 600w, https:\/\/lms.nanoproject.eu\/lms\/wp-content\/uploads\/2021\/12\/06_Medicine-min2-120x80.jpg 120w, https:\/\/lms.nanoproject.eu\/lms\/wp-content\/uploads\/2021\/12\/06_Medicine-min2.jpg 1248w\" sizes=\"auto, (max-width: 310px) 100vw, 310px\" \/><\/a><\/div><div class=\"block_content\"><h4 class=\"block_title\"><a href=\"https:\/\/lms.nanoproject.eu\/lms\/de\/course\/nanotechnologie-in-der-medizin\/\" title=\"Nanotechnologie in der Medizin\">Nanotechnologie in der Medizin<\/a><\/h4><div class=\"generic_category\"><\/div><\/div><\/div><\/div><div class=\"filteritem \" style=\"max-width:220px;width:100%;\"><div class=\"block generic\"><div class=\"block_media\"><a href=\"https:\/\/lms.nanoproject.eu\/lms\/de\/course\/nanotechnologie-und-die-kreislaufwirtschaft\/\"><img loading=\"lazy\" decoding=\"async\" width=\"310\" height=\"206\" src=\"https:\/\/lms.nanoproject.eu\/lms\/wp-content\/uploads\/2022\/01\/05_Circular-min2-310x206.jpg\" class=\"attachment-small size-small wp-post-image\" alt=\"\" srcset=\"https:\/\/lms.nanoproject.eu\/lms\/wp-content\/uploads\/2022\/01\/05_Circular-min2-310x206.jpg 310w, https:\/\/lms.nanoproject.eu\/lms\/wp-content\/uploads\/2022\/01\/05_Circular-min2-460x306.jpg 460w, https:\/\/lms.nanoproject.eu\/lms\/wp-content\/uploads\/2022\/01\/05_Circular-min2-1024x681.jpg 1024w, https:\/\/lms.nanoproject.eu\/lms\/wp-content\/uploads\/2022\/01\/05_Circular-min2-768x511.jpg 768w, https:\/\/lms.nanoproject.eu\/lms\/wp-content\/uploads\/2022\/01\/05_Circular-min2-600x399.jpg 600w, https:\/\/lms.nanoproject.eu\/lms\/wp-content\/uploads\/2022\/01\/05_Circular-min2-120x80.jpg 120w, https:\/\/lms.nanoproject.eu\/lms\/wp-content\/uploads\/2022\/01\/05_Circular-min2.jpg 1249w\" sizes=\"auto, (max-width: 310px) 100vw, 310px\" \/><\/a><\/div><div class=\"block_content\"><h4 class=\"block_title\"><a href=\"https:\/\/lms.nanoproject.eu\/lms\/de\/course\/nanotechnologie-und-die-kreislaufwirtschaft\/\" title=\"Nanotechnologie und die Kreislaufwirtschaft\">Nanotechnologie und die Kreislaufwirtschaft<\/a><\/h4><div class=\"generic_category\"><\/div><\/div><\/div><\/div><\/div><\/div><\/div>\t\t<\/div>\n\t\t\t\t<\/div>\n\t\t\t\t\t\t<\/div>\n\t\t\t\t\t<\/div>\n\t\t<\/div>\n\t\t\t\t\t\t\t\t<\/div>\n\t\t\t\t\t<\/div>\n\t\t<\/section>\n\t\t\t\t<section class=\"elementor-section elementor-top-section elementor-element elementor-element-ce80762 elementor-section-stretched elementor-section-boxed elementor-section-height-default elementor-section-height-default\" data-id=\"ce80762\" data-element_type=\"section\" data-settings=\"{&quot;stretch_section&quot;:&quot;section-stretched&quot;}\">\n\t\t\t\t\t\t<div class=\"elementor-container elementor-column-gap-default\">\n\t\t\t\t\t\t\t<div class=\"elementor-row\">\n\t\t\t\t\t<div class=\"elementor-column elementor-col-100 elementor-top-column elementor-element elementor-element-17cd2ee\" data-id=\"17cd2ee\" data-element_type=\"column\">\n\t\t\t<div class=\"elementor-column-wrap\">\n\t\t\t\t\t\t\t<div class=\"elementor-widget-wrap\">\n\t\t\t\t\t\t\t\t<\/div>\n\t\t\t\t\t<\/div>\n\t\t<\/div>\n\t\t\t\t\t\t\t\t<\/div>\n\t\t\t\t\t<\/div>\n\t\t<\/section>\n\t\t\t\t<section class=\"elementor-section elementor-top-section elementor-element elementor-element-7212da2 elementor-section-stretched elementor-section-boxed elementor-section-height-default elementor-section-height-default\" data-id=\"7212da2\" data-element_type=\"section\" data-settings=\"{&quot;stretch_section&quot;:&quot;section-stretched&quot;}\">\n\t\t\t\t\t\t<div class=\"elementor-container elementor-column-gap-default\">\n\t\t\t\t\t\t\t<div class=\"elementor-row\">\n\t\t\t\t\t<div class=\"elementor-column elementor-col-100 elementor-top-column elementor-element elementor-element-cfe06bd\" data-id=\"cfe06bd\" data-element_type=\"column\">\n\t\t\t<div class=\"elementor-column-wrap\">\n\t\t\t\t\t\t\t<div class=\"elementor-widget-wrap\">\n\t\t\t\t\t\t\t\t<\/div>\n\t\t\t\t\t<\/div>\n\t\t<\/div>\n\t\t\t\t\t\t\t\t<\/div>\n\t\t\t\t\t<\/div>\n\t\t<\/section>\n\t\t\t\t\t\t\t\t\t<\/div>\n\t\t\t<\/div>\n\t\t\t\t\t<\/div>\n\t\t","protected":false},"excerpt":{"rendered":"<p>Nanotechnologie ist \u00fcberall, lasst uns ihre Vorteile entdecken und mehr dar\u00fcber lernen! Wer wei\u00df, was &#8222;Nano&#8220; bedeutet? Wo k\u00f6nnen wir &hellip;<\/p>\n","protected":false},"author":1,"featured_media":0,"parent":0,"menu_order":0,"comment_status":"closed","ping_status":"closed","template":"notitle.php","meta":{"_vibebp_attr":"","_vibebp_dimensions":"","_vibebp_responsive_height":"","_vibebp_accordion_ie_support":"","footnotes":""},"class_list":["post-671","page","type-page","status-publish","hentry"],"_links":{"self":[{"href":"https:\/\/lms.nanoproject.eu\/lms\/de\/wp-json\/wp\/v2\/pages\/671","targetHints":{"allow":["GET"]}}],"collection":[{"href":"https:\/\/lms.nanoproject.eu\/lms\/de\/wp-json\/wp\/v2\/pages"}],"about":[{"href":"https:\/\/lms.nanoproject.eu\/lms\/de\/wp-json\/wp\/v2\/types\/page"}],"author":[{"embeddable":true,"href":"https:\/\/lms.nanoproject.eu\/lms\/de\/wp-json\/wp\/v2\/users\/1"}],"replies":[{"embeddable":true,"href":"https:\/\/lms.nanoproject.eu\/lms\/de\/wp-json\/wp\/v2\/comments?post=671"}],"version-history":[{"count":20,"href":"https:\/\/lms.nanoproject.eu\/lms\/de\/wp-json\/wp\/v2\/pages\/671\/revisions"}],"predecessor-version":[{"id":2427,"href":"https:\/\/lms.nanoproject.eu\/lms\/de\/wp-json\/wp\/v2\/pages\/671\/revisions\/2427"}],"wp:attachment":[{"href":"https:\/\/lms.nanoproject.eu\/lms\/de\/wp-json\/wp\/v2\/media?parent=671"}],"curies":[{"name":"wp","href":"https:\/\/api.w.org\/{rel}","templated":true}]}}